{"id":1823,"date":"2023-05-16T16:12:34","date_gmt":"2023-05-16T14:12:34","guid":{"rendered":"https:\/\/effetilt.com\/meine-partner\/"},"modified":"2026-02-19T15:27:57","modified_gmt":"2026-02-19T14:27:57","slug":"meine-partner","status":"publish","type":"page","link":"https:\/\/nathalie-haberstroh.com\/de\/meine-partner\/","title":{"rendered":"Meine Partner"},"content":{"rendered":"<p>[et_pb_section fb_built=&#8221;1&#8243; admin_label=&#8221;Tarifs&#8221; _builder_version=&#8221;4.18.0&#8243; _module_preset=&#8221;default&#8221; background_enable_color=&#8221;off&#8221; background_image=&#8221;https:\/\/effetilt.fr\/wp-content\/uploads\/2022\/01\/Background-image-mauve-scaled.jpg&#8221; custom_margin_tablet=&#8221;&#8221; custom_margin_phone=&#8221;0px||0px||false|false&#8221; custom_margin_last_edited=&#8221;on|phone&#8221; background_last_edited=&#8221;on|phone&#8221; background_enable_image_phone=&#8221;off&#8221; global_colors_info=&#8221;{}&#8221;][et_pb_row column_structure=&#8221;1_5,3_5,1_5&#8243; custom_padding_last_edited=&#8221;on|phone&#8221; _builder_version=&#8221;4.20.2&#8243; _module_preset=&#8221;default&#8221; width=&#8221;100%&#8221; max_width=&#8221;2560px&#8221; custom_margin=&#8221;||||false|false&#8221; custom_padding=&#8221;50px||50px||false|false&#8221; custom_padding_tablet=&#8221;50px||50px||false|false&#8221; custom_padding_phone=&#8221;0px||0px||false|false&#8221; global_colors_info=&#8221;{}&#8221;][et_pb_column type=&#8221;1_5&#8243; _builder_version=&#8221;4.16&#8243; _module_preset=&#8221;default&#8221; global_colors_info=&#8221;{}&#8221;][\/et_pb_column][et_pb_column type=&#8221;3_5&#8243; _builder_version=&#8221;4.20.2&#8243; _module_preset=&#8221;default&#8221; background_color=&#8221;#FFFFFF&#8221; global_colors_info=&#8221;{}&#8221;][et_pb_text _builder_version=&#8221;4.20.2&#8243; _module_preset=&#8221;default&#8221; text_text_color=&#8221;#833971&#8243; link_font=&#8221;|600|||on|||#FEC039|&#8221; link_text_color=&#8221;#833971&#8243; header_text_color=&#8221;#833971&#8243; header_2_text_color=&#8221;#FFFFFF&#8221; header_2_font_size=&#8221;30px&#8221; background_enable_color=&#8221;off&#8221; background_layout=&#8221;dark&#8221; width=&#8221;100%&#8221; custom_margin=&#8221;||||false|false&#8221; custom_padding=&#8221;79px|25px|5px|25px|false|false&#8221; global_colors_info=&#8221;{}&#8221;]<\/p>\n<h1 id=\"Coaching\" style=\"text-align: center;\">Meine Partner<\/h1>\n<table style=\"width: 100%; border-style: none;\" border=\"0\">\n<tbody>\n<tr>\n<td style=\"width: 25%; border-style: none;\"><a href=\"https:\/\/www.lagazettedemontpellier.fr\/\"><img loading=\"lazy\" decoding=\"async\" class=\"wp-image-1620 alignnone size-medium\" style=\"display: block; margin-left: auto; margin-right: auto;\" src=\"https:\/\/effetilt.fr\/wp-content\/uploads\/2023\/05\/Partenaires_01-300x97.png\" alt=\"\" width=\"300\" height=\"97\" srcset=\"https:\/\/nathalie-haberstroh.com\/wp-content\/uploads\/2023\/05\/Partenaires_01-300x97.png 300w, https:\/\/nathalie-haberstroh.com\/wp-content\/uploads\/2023\/05\/Partenaires_01.png 348w\" sizes=\"(max-width: 300px) 100vw, 300px\" \/><\/a><\/td>\n<td style=\"width: 25%; border-style: none;\"><a href=\"https:\/\/inandout-fitness.fr\/\"><img loading=\"lazy\" decoding=\"async\" class=\"wp-image-1621 alignnone size-medium\" style=\"display: block; margin-left: auto; margin-right: auto;\" src=\"https:\/\/effetilt.fr\/wp-content\/uploads\/2023\/05\/Partenaires_02-300x97.png\" alt=\"\" width=\"300\" height=\"97\" srcset=\"https:\/\/nathalie-haberstroh.com\/wp-content\/uploads\/2023\/05\/Partenaires_02-300x97.png 300w, https:\/\/nathalie-haberstroh.com\/wp-content\/uploads\/2023\/05\/Partenaires_02.png 348w\" sizes=\"(max-width: 300px) 100vw, 300px\" \/><\/a><\/td>\n<td style=\"width: 25%; border-style: none;\"><a href=\"https:\/\/le-nuage.fr\/\"><img loading=\"lazy\" decoding=\"async\" class=\"wp-image-1622 alignnone size-medium\" style=\"display: block; margin-left: auto; margin-right: auto;\" src=\"https:\/\/effetilt.fr\/wp-content\/uploads\/2023\/05\/Partenaires_03-300x97.png\" alt=\"\" width=\"300\" height=\"97\" srcset=\"https:\/\/nathalie-haberstroh.com\/wp-content\/uploads\/2023\/05\/Partenaires_03-300x97.png 300w, https:\/\/nathalie-haberstroh.com\/wp-content\/uploads\/2023\/05\/Partenaires_03.png 347w\" sizes=\"(max-width: 300px) 100vw, 300px\" \/><\/a><\/td>\n<td style=\"width: 25%; border-style: none;\"><a href=\"https:\/\/www.christelpetitcollin.com\/\"><img loading=\"lazy\" decoding=\"async\" class=\"alignnone wp-image-1662 size-full aligncenter\" src=\"https:\/\/effetilt.fr\/wp-content\/uploads\/2023\/05\/Partenaires_04.jpg\" alt=\"Christel Petitcollin\" width=\"348\" height=\"112\" srcset=\"https:\/\/nathalie-haberstroh.com\/wp-content\/uploads\/2023\/05\/Partenaires_04.jpg 348w, https:\/\/nathalie-haberstroh.com\/wp-content\/uploads\/2023\/05\/Partenaires_04-300x97.jpg 300w\" sizes=\"(max-width: 348px) 100vw, 348px\" \/><\/a><\/td>\n<\/tr>\n<tr>\n<td style=\"width: 25%; border-style: none; text-align: center;\"><a href=\"https:\/\/www.lagazettedemontpellier.fr\/\">Journal la Gazette<\/a><\/td>\n<td style=\"width: 25%; border-style: none; text-align: center;\"><a href=\"https:\/\/inandout-fitness.fr\/\">Club de sport In &amp; Out Fitness<\/a><\/td>\n<td style=\"width: 25%; border-style: none; text-align: center;\"><a href=\"https:\/\/le-nuage.fr\/\">Le Nuage \u2022 Montpellier<\/a><\/td>\n<td style=\"width: 25%; border-style: none; text-align: center;\"><a href=\"https:\/\/www.christelpetitcollin.com\/\">Christel Petitcollin <\/a><\/td>\n<\/tr>\n<\/tbody>\n<\/table>\n<p>[\/et_pb_text][\/et_pb_column][et_pb_column type=&#8221;1_5&#8243; _builder_version=&#8221;4.16&#8243; _module_preset=&#8221;default&#8221; global_colors_info=&#8221;{}&#8221;][\/et_pb_column][\/et_pb_row][\/et_pb_section][et_pb_section fb_built=&#8221;1&#8243; admin_label=&#8221;CONTACT&#8221; _builder_version=&#8221;4.20.0&#8243; _module_preset=&#8221;default&#8221; background_color=&#8221;#eeedec&#8221; background_color_gradient_direction=&#8221;337deg&#8221; background_color_gradient_start=&#8221;#833971&#8243; background_color_gradient_end=&#8221;#d77e5e&#8221; background_image=&#8221;https:\/\/effetilt.ethicit.fr\/wp-content\/uploads\/2022\/03\/Sans-titre-1_08-1.jpg&#8221; background_enable_image=&#8221;off&#8221; global_module=&#8221;1840&#8243; saved_tabs=&#8221;all&#8221; global_colors_info=&#8221;{}&#8221;][et_pb_row column_structure=&#8221;3_5,2_5&#8243; custom_padding_last_edited=&#8221;on|phone&#8221; disabled_on=&#8221;on|off|off&#8221; admin_label=&#8221;Ordinateur&#8221; _builder_version=&#8221;4.16&#8243; _module_preset=&#8221;default&#8221; custom_margin=&#8221;||||false|false&#8221; custom_padding=&#8221;50px|15px|50px|15px|false|false&#8221; custom_padding_tablet=&#8221;&#8221; custom_padding_phone=&#8221;|0px||0px|false|false&#8221; global_colors_info=&#8221;{}&#8221;][et_pb_column type=&#8221;3_5&#8243; _builder_version=&#8221;4.16&#8243; _module_preset=&#8221;default&#8221; global_colors_info=&#8221;{}&#8221;][et_pb_text _builder_version=&#8221;4.16&#8243; _module_preset=&#8221;default&#8221; header_2_text_color=&#8221;#833971&#8243; background_layout=&#8221;dark&#8221; global_colors_info=&#8221;{}&#8221;]<\/p>\n<h2 style=\"text-align: left\">Tauschen wir uns \u00fcber Ihre Bed\u00fcrfnisse aus?<\/h2>\n<p>[\/et_pb_text][et_pb_contact_form email=&#8221;nath@mailbox.org&#8221; custom_message=&#8221;Bonjour Nathalie,||et_pb_line_break_holder||||et_pb_line_break_holder||Vous avez re\u00e7u un message de votre site :||et_pb_line_break_holder||Nom : %%Name%%||et_pb_line_break_holder||Pr\u00e9nom : %%Prenom%%||et_pb_line_break_holder||Email : %%Email%%||et_pb_line_break_holder||T\u00e9l\u00e9phone : %%Phone%%||et_pb_line_break_holder||Message : %%Message%%||et_pb_line_break_holder||||et_pb_line_break_holder||||et_pb_line_break_holder||&#8221; success_message=&#8221;Danke f\u00fcr deine Nachricht. Ich komme sehr schnell auf Sie zur\u00fcck.&#8221; _builder_version=&#8221;4.20.0&#8243; _module_preset=&#8221;default&#8221; _unique_id=&#8221;72878787-4b6c-4df2-b376-a5dd28f8e071&#8243; form_field_background_color=&#8221;rgba(131,57,113,0.47)&#8221; form_field_text_color=&#8221;#FFFFFF&#8221; captcha_text_color=&#8221;#666666&#8243; custom_button=&#8221;on&#8221; button_text_size=&#8221;14px&#8221; button_text_color=&#8221;#FFFFFF&#8221; button_bg_color=&#8221;#833971&#8243; button_border_width=&#8221;0px&#8221; button_icon=&#8221;&#xf0e0;||fa||900&#8243; button_icon_color=&#8221;#ffffff&#8221; button_on_hover=&#8221;off&#8221; box_shadow_style_button=&#8221;preset2&#8243; global_colors_info=&#8221;{}&#8221;][et_pb_contact_field field_id=&#8221;Name&#8221; field_title=&#8221;Name&#8221; _builder_version=&#8221;4.16&#8243; global_colors_info=&#8221;{}&#8221; button_text_size__hover_enabled=&#8221;off&#8221; button_one_text_size__hover_enabled=&#8221;off&#8221; button_two_text_size__hover_enabled=&#8221;off&#8221; button_text_color__hover_enabled=&#8221;off&#8221; button_one_text_color__hover_enabled=&#8221;off&#8221; button_two_text_color__hover_enabled=&#8221;off&#8221; button_border_width__hover_enabled=&#8221;off&#8221; button_one_border_width__hover_enabled=&#8221;off&#8221; button_two_border_width__hover_enabled=&#8221;off&#8221; button_border_color__hover_enabled=&#8221;off&#8221; button_one_border_color__hover_enabled=&#8221;off&#8221; button_two_border_color__hover_enabled=&#8221;off&#8221; button_border_radius__hover_enabled=&#8221;off&#8221; button_one_border_radius__hover_enabled=&#8221;off&#8221; button_two_border_radius__hover_enabled=&#8221;off&#8221; button_letter_spacing__hover_enabled=&#8221;off&#8221; button_one_letter_spacing__hover_enabled=&#8221;off&#8221; button_two_letter_spacing__hover_enabled=&#8221;off&#8221; button_bg_color__hover_enabled=&#8221;off&#8221; button_one_bg_color__hover_enabled=&#8221;off&#8221; button_two_bg_color__hover_enabled=&#8221;off&#8221;][\/et_pb_contact_field][et_pb_contact_field field_id=&#8221;Prenom&#8221; field_title=&#8221;Vorname&#8221; _builder_version=&#8221;4.16&#8243; _module_preset=&#8221;default&#8221; global_colors_info=&#8221;{}&#8221;][\/et_pb_contact_field][et_pb_contact_field field_id=&#8221;Email&#8221; field_title=&#8221;E-mail&#8221; field_type=&#8221;email&#8221; fullwidth_field=&#8221;on&#8221; _builder_version=&#8221;4.16&#8243; global_colors_info=&#8221;{}&#8221; button_text_size__hover_enabled=&#8221;off&#8221; button_one_text_size__hover_enabled=&#8221;off&#8221; button_two_text_size__hover_enabled=&#8221;off&#8221; button_text_color__hover_enabled=&#8221;off&#8221; button_one_text_color__hover_enabled=&#8221;off&#8221; button_two_text_color__hover_enabled=&#8221;off&#8221; button_border_width__hover_enabled=&#8221;off&#8221; button_one_border_width__hover_enabled=&#8221;off&#8221; button_two_border_width__hover_enabled=&#8221;off&#8221; button_border_color__hover_enabled=&#8221;off&#8221; button_one_border_color__hover_enabled=&#8221;off&#8221; button_two_border_color__hover_enabled=&#8221;off&#8221; button_border_radius__hover_enabled=&#8221;off&#8221; button_one_border_radius__hover_enabled=&#8221;off&#8221; button_two_border_radius__hover_enabled=&#8221;off&#8221; button_letter_spacing__hover_enabled=&#8221;off&#8221; button_one_letter_spacing__hover_enabled=&#8221;off&#8221; button_two_letter_spacing__hover_enabled=&#8221;off&#8221; button_bg_color__hover_enabled=&#8221;off&#8221; button_one_bg_color__hover_enabled=&#8221;off&#8221; button_two_bg_color__hover_enabled=&#8221;off&#8221;][\/et_pb_contact_field][et_pb_contact_field field_id=&#8221;Phone&#8221; field_title=&#8221;Telefon&#8221; fullwidth_field=&#8221;on&#8221; _builder_version=&#8221;4.16&#8243; global_colors_info=&#8221;{}&#8221; button_text_size__hover_enabled=&#8221;off&#8221; button_one_text_size__hover_enabled=&#8221;off&#8221; button_two_text_size__hover_enabled=&#8221;off&#8221; button_text_color__hover_enabled=&#8221;off&#8221; button_one_text_color__hover_enabled=&#8221;off&#8221; button_two_text_color__hover_enabled=&#8221;off&#8221; button_border_width__hover_enabled=&#8221;off&#8221; button_one_border_width__hover_enabled=&#8221;off&#8221; button_two_border_width__hover_enabled=&#8221;off&#8221; button_border_color__hover_enabled=&#8221;off&#8221; button_one_border_color__hover_enabled=&#8221;off&#8221; button_two_border_color__hover_enabled=&#8221;off&#8221; button_border_radius__hover_enabled=&#8221;off&#8221; button_one_border_radius__hover_enabled=&#8221;off&#8221; button_two_border_radius__hover_enabled=&#8221;off&#8221; button_letter_spacing__hover_enabled=&#8221;off&#8221; button_one_letter_spacing__hover_enabled=&#8221;off&#8221; button_two_letter_spacing__hover_enabled=&#8221;off&#8221; button_bg_color__hover_enabled=&#8221;off&#8221; button_one_bg_color__hover_enabled=&#8221;off&#8221; button_two_bg_color__hover_enabled=&#8221;off&#8221;][\/et_pb_contact_field][et_pb_contact_field field_id=&#8221;Message&#8221; field_title=&#8221;Nachricht&#8221; field_type=&#8221;text&#8221; fullwidth_field=&#8221;on&#8221; _builder_version=&#8221;4.16&#8243; global_colors_info=&#8221;{}&#8221; button_text_size__hover_enabled=&#8221;off&#8221; button_one_text_size__hover_enabled=&#8221;off&#8221; button_two_text_size__hover_enabled=&#8221;off&#8221; button_text_color__hover_enabled=&#8221;off&#8221; button_one_text_color__hover_enabled=&#8221;off&#8221; button_two_text_color__hover_enabled=&#8221;off&#8221; button_border_width__hover_enabled=&#8221;off&#8221; button_one_border_width__hover_enabled=&#8221;off&#8221; button_two_border_width__hover_enabled=&#8221;off&#8221; button_border_color__hover_enabled=&#8221;off&#8221; button_one_border_color__hover_enabled=&#8221;off&#8221; button_two_border_color__hover_enabled=&#8221;off&#8221; button_border_radius__hover_enabled=&#8221;off&#8221; button_one_border_radius__hover_enabled=&#8221;off&#8221; button_two_border_radius__hover_enabled=&#8221;off&#8221; button_letter_spacing__hover_enabled=&#8221;off&#8221; button_one_letter_spacing__hover_enabled=&#8221;off&#8221; button_two_letter_spacing__hover_enabled=&#8221;off&#8221; button_bg_color__hover_enabled=&#8221;off&#8221; button_one_bg_color__hover_enabled=&#8221;off&#8221; button_two_bg_color__hover_enabled=&#8221;off&#8221;][\/et_pb_contact_field][\/et_pb_contact_form][\/et_pb_column][et_pb_column type=&#8221;2_5&#8243; _builder_version=&#8221;4.16&#8243; _module_preset=&#8221;default&#8221; global_colors_info=&#8221;{}&#8221;][et_pb_text _builder_version=&#8221;4.20.2&#8243; _module_preset=&#8221;default&#8221; header_3_font_size=&#8221;30px&#8221; header_3_line_height=&#8221;1.2em&#8221; header_4_font=&#8221;Open Sans||||||||&#8221; custom_padding=&#8221;||0px|10px|false|false&#8221; custom_css_main_element=&#8221;margin-bottom:0px !important;&#8221; global_colors_info=&#8221;{}&#8221;]<\/p>\n<p style=\"text-align: center;\">\u200b<img loading=\"lazy\" decoding=\"async\" class=\"wp-image-30 aligncenter\" src=\"https:\/\/effetilt.com\/wp-content\/uploads\/2022\/01\/Logo-transparent-300x221.png\" alt=\"EFFETILT\" width=\"197\" height=\"145\" srcset=\"https:\/\/nathalie-haberstroh.com\/wp-content\/uploads\/2022\/01\/Logo-transparent-300x221.png 300w, https:\/\/nathalie-haberstroh.com\/wp-content\/uploads\/2022\/01\/Logo-transparent-197x145.png 197w, https:\/\/nathalie-haberstroh.com\/wp-content\/uploads\/2022\/01\/Logo-transparent.png 400w\" sizes=\"(max-width: 197px) 100vw, 197px\" \/><\/p>\n<h3 style=\"text-align: center;\">Nathalie Haberstroh<\/h3>\n<h4 style=\"text-align: center;\">Marchstr.32<\/h4>\n<h4 style=\"text-align: center;\">79279 V\u00f6rstetten<\/h4>\n<p>&nbsp;<\/p>\n<h4 style=\"text-align: center;\">0033 667 10 22 77<\/h4>\n<p>[\/et_pb_text][\/et_pb_column][\/et_pb_row][et_pb_row disabled_on=&#8221;off|on|on&#8221; admin_label=&#8221;Telefon&#8221; _builder_version=&#8221;4.16&#8243; _module_preset=&#8221;default&#8221; custom_margin=&#8221;||||false|false&#8221; custom_padding=&#8221;15px||15px||false|false&#8221; global_colors_info=&#8221;{}&#8221;][et_pb_column type=&#8221;4_4&#8243; _builder_version=&#8221;4.16&#8243; _module_preset=&#8221;default&#8221; global_colors_info=&#8221;{}&#8221;][et_pb_text _builder_version=&#8221;4.20.2&#8243; _module_preset=&#8221;default&#8221; header_3_font_size=&#8221;30px&#8221; header_3_line_height=&#8221;1.2em&#8221; header_4_font=&#8221;Open Sans||||||||&#8221; custom_padding=&#8221;||0px|10px|false|false&#8221; custom_css_main_element=&#8221;margin-bottom:0px !important;&#8221; global_colors_info=&#8221;{}&#8221;]<\/p>\n<p style=\"text-align: center;\">\u200b<img loading=\"lazy\" decoding=\"async\" class=\"wp-image-30 aligncenter\" src=\"https:\/\/effetilt.com\/wp-content\/uploads\/2022\/01\/Logo-transparent-300x221.png\" alt=\"EFFETILT\" width=\"197\" height=\"145\" srcset=\"https:\/\/nathalie-haberstroh.com\/wp-content\/uploads\/2022\/01\/Logo-transparent-300x221.png 300w, https:\/\/nathalie-haberstroh.com\/wp-content\/uploads\/2022\/01\/Logo-transparent-197x145.png 197w, https:\/\/nathalie-haberstroh.com\/wp-content\/uploads\/2022\/01\/Logo-transparent.png 400w\" sizes=\"(max-width: 197px) 100vw, 197px\" \/><\/p>\n<h3 style=\"text-align: center;\">Nathalie Haberstroh<\/h3>\n<h4 style=\"text-align: center;\">Marchstr.32<\/h4>\n<h4 style=\"text-align: center;\">79279 V\u00f6rstetten<\/p>\n<\/h4>\n<h4 style=\"text-align: center;\">0033 667 10 22 77<\/h4>\n<p>[\/et_pb_text][et_pb_text _builder_version=&#8221;4.20.2&#8243; _module_preset=&#8221;default&#8221; header_2_text_color=&#8221;#833971&#8243; background_layout=&#8221;dark&#8221; global_colors_info=&#8221;{}&#8221;]<\/p>\n<h2 style=\"text-align: left;\">Tauschen wir uns \u00fcber Ihre Bed\u00fcrfnisse aus?<\/h2>\n<p>[\/et_pb_text][et_pb_contact_form email=&#8221;nathalie@effetilt.fr&#8221; custom_message=&#8221;Bonjour Nathalie,||et_pb_line_break_holder||||et_pb_line_break_holder||Vous avez re\u00e7u un message de votre site :||et_pb_line_break_holder||Nom : %%Name%%||et_pb_line_break_holder||Pr\u00e9nom : %%Prenom%%||et_pb_line_break_holder||Email : %%Email%%||et_pb_line_break_holder||T\u00e9l\u00e9phone : %%Phone%%||et_pb_line_break_holder||Message : %%Message%%||et_pb_line_break_holder||||et_pb_line_break_holder||||et_pb_line_break_holder||&#8221; success_message=&#8221;Danke f\u00fcr deine Nachricht. Ich komme sehr schnell auf Sie zur\u00fcck.&#8221; _builder_version=&#8221;4.17.0&#8243; _module_preset=&#8221;default&#8221; _unique_id=&#8221;72878787-4b6c-4df2-b376-a5dd28f8e071&#8243; form_field_background_color=&#8221;rgba(131,57,113,0.47)&#8221; form_field_text_color=&#8221;#FFFFFF&#8221; captcha_text_color=&#8221;#666666&#8243; custom_button=&#8221;on&#8221; button_text_size=&#8221;14px&#8221; button_text_color=&#8221;#FFFFFF&#8221; button_bg_color=&#8221;#833971&#8243; button_border_width=&#8221;0px&#8221; button_icon=&#8221;&#xf0e0;||fa||900&#8243; button_icon_color=&#8221;#ffffff&#8221; button_on_hover=&#8221;off&#8221; box_shadow_style_button=&#8221;preset2&#8243; global_colors_info=&#8221;{}&#8221;][et_pb_contact_field field_id=&#8221;Name&#8221; field_title=&#8221;Name&#8221; _builder_version=&#8221;4.16&#8243; global_colors_info=&#8221;{}&#8221; button_text_size__hover_enabled=&#8221;off&#8221; button_one_text_size__hover_enabled=&#8221;off&#8221; button_two_text_size__hover_enabled=&#8221;off&#8221; button_text_color__hover_enabled=&#8221;off&#8221; button_one_text_color__hover_enabled=&#8221;off&#8221; button_two_text_color__hover_enabled=&#8221;off&#8221; button_border_width__hover_enabled=&#8221;off&#8221; button_one_border_width__hover_enabled=&#8221;off&#8221; button_two_border_width__hover_enabled=&#8221;off&#8221; button_border_color__hover_enabled=&#8221;off&#8221; button_one_border_color__hover_enabled=&#8221;off&#8221; button_two_border_color__hover_enabled=&#8221;off&#8221; button_border_radius__hover_enabled=&#8221;off&#8221; button_one_border_radius__hover_enabled=&#8221;off&#8221; button_two_border_radius__hover_enabled=&#8221;off&#8221; button_letter_spacing__hover_enabled=&#8221;off&#8221; button_one_letter_spacing__hover_enabled=&#8221;off&#8221; button_two_letter_spacing__hover_enabled=&#8221;off&#8221; button_bg_color__hover_enabled=&#8221;off&#8221; button_one_bg_color__hover_enabled=&#8221;off&#8221; button_two_bg_color__hover_enabled=&#8221;off&#8221;][\/et_pb_contact_field][et_pb_contact_field field_id=&#8221;Prenom&#8221; field_title=&#8221;Vorname&#8221; _builder_version=&#8221;4.16&#8243; _module_preset=&#8221;default&#8221; global_colors_info=&#8221;{}&#8221;][\/et_pb_contact_field][et_pb_contact_field field_id=&#8221;Email&#8221; field_title=&#8221;E-mail&#8221; field_type=&#8221;email&#8221; fullwidth_field=&#8221;on&#8221; _builder_version=&#8221;4.16&#8243; global_colors_info=&#8221;{}&#8221; button_text_size__hover_enabled=&#8221;off&#8221; button_one_text_size__hover_enabled=&#8221;off&#8221; button_two_text_size__hover_enabled=&#8221;off&#8221; button_text_color__hover_enabled=&#8221;off&#8221; button_one_text_color__hover_enabled=&#8221;off&#8221; button_two_text_color__hover_enabled=&#8221;off&#8221; button_border_width__hover_enabled=&#8221;off&#8221; button_one_border_width__hover_enabled=&#8221;off&#8221; button_two_border_width__hover_enabled=&#8221;off&#8221; button_border_color__hover_enabled=&#8221;off&#8221; button_one_border_color__hover_enabled=&#8221;off&#8221; button_two_border_color__hover_enabled=&#8221;off&#8221; button_border_radius__hover_enabled=&#8221;off&#8221; button_one_border_radius__hover_enabled=&#8221;off&#8221; button_two_border_radius__hover_enabled=&#8221;off&#8221; button_letter_spacing__hover_enabled=&#8221;off&#8221; button_one_letter_spacing__hover_enabled=&#8221;off&#8221; button_two_letter_spacing__hover_enabled=&#8221;off&#8221; button_bg_color__hover_enabled=&#8221;off&#8221; button_one_bg_color__hover_enabled=&#8221;off&#8221; button_two_bg_color__hover_enabled=&#8221;off&#8221;][\/et_pb_contact_field][et_pb_contact_field field_id=&#8221;Phone&#8221; field_title=&#8221;Telefon&#8221; fullwidth_field=&#8221;on&#8221; _builder_version=&#8221;4.16&#8243; global_colors_info=&#8221;{}&#8221; button_text_size__hover_enabled=&#8221;off&#8221; button_one_text_size__hover_enabled=&#8221;off&#8221; button_two_text_size__hover_enabled=&#8221;off&#8221; button_text_color__hover_enabled=&#8221;off&#8221; button_one_text_color__hover_enabled=&#8221;off&#8221; button_two_text_color__hover_enabled=&#8221;off&#8221; button_border_width__hover_enabled=&#8221;off&#8221; button_one_border_width__hover_enabled=&#8221;off&#8221; button_two_border_width__hover_enabled=&#8221;off&#8221; button_border_color__hover_enabled=&#8221;off&#8221; button_one_border_color__hover_enabled=&#8221;off&#8221; button_two_border_color__hover_enabled=&#8221;off&#8221; button_border_radius__hover_enabled=&#8221;off&#8221; button_one_border_radius__hover_enabled=&#8221;off&#8221; button_two_border_radius__hover_enabled=&#8221;off&#8221; button_letter_spacing__hover_enabled=&#8221;off&#8221; button_one_letter_spacing__hover_enabled=&#8221;off&#8221; button_two_letter_spacing__hover_enabled=&#8221;off&#8221; button_bg_color__hover_enabled=&#8221;off&#8221; button_one_bg_color__hover_enabled=&#8221;off&#8221; button_two_bg_color__hover_enabled=&#8221;off&#8221;][\/et_pb_contact_field][et_pb_contact_field field_id=&#8221;Message&#8221; field_title=&#8221;Nachricht&#8221; field_type=&#8221;text&#8221; fullwidth_field=&#8221;on&#8221; _builder_version=&#8221;4.16&#8243; global_colors_info=&#8221;{}&#8221; button_text_size__hover_enabled=&#8221;off&#8221; button_one_text_size__hover_enabled=&#8221;off&#8221; button_two_text_size__hover_enabled=&#8221;off&#8221; button_text_color__hover_enabled=&#8221;off&#8221; button_one_text_color__hover_enabled=&#8221;off&#8221; button_two_text_color__hover_enabled=&#8221;off&#8221; button_border_width__hover_enabled=&#8221;off&#8221; button_one_border_width__hover_enabled=&#8221;off&#8221; button_two_border_width__hover_enabled=&#8221;off&#8221; button_border_color__hover_enabled=&#8221;off&#8221; button_one_border_color__hover_enabled=&#8221;off&#8221; button_two_border_color__hover_enabled=&#8221;off&#8221; button_border_radius__hover_enabled=&#8221;off&#8221; button_one_border_radius__hover_enabled=&#8221;off&#8221; button_two_border_radius__hover_enabled=&#8221;off&#8221; button_letter_spacing__hover_enabled=&#8221;off&#8221; button_one_letter_spacing__hover_enabled=&#8221;off&#8221; button_two_letter_spacing__hover_enabled=&#8221;off&#8221; button_bg_color__hover_enabled=&#8221;off&#8221; button_one_bg_color__hover_enabled=&#8221;off&#8221; button_two_bg_color__hover_enabled=&#8221;off&#8221;][\/et_pb_contact_field][\/et_pb_contact_form][\/et_pb_column][\/et_pb_row][\/et_pb_section]<\/p>\n","protected":false},"excerpt":{"rendered":"<p>Meine Partner Journal la Gazette Club de sport In &amp; Out Fitness Le Nuage \u2022 Montpellier Christel Petitcollin Tauschen wir uns \u00fcber Ihre Bed\u00fcrfnisse aus?\u200b Nathalie Haberstroh Marchstr.32 79279 V\u00f6rstetten &nbsp; 0033 667 10 22 77\u200b Nathalie Haberstroh Marchstr.32 79279 V\u00f6rstetten 0033 667 10 22 77Tauschen wir uns \u00fcber Ihre Bed\u00fcrfnisse aus?<\/p>\n","protected":false},"author":1,"featured_media":0,"parent":0,"menu_order":9,"comment_status":"closed","ping_status":"closed","template":"","meta":{"_et_pb_use_builder":"on","_et_pb_old_content":"","_et_gb_content_width":"","footnotes":""},"class_list":["post-1823","page","type-page","status-publish","hentry"],"_links":{"self":[{"href":"https:\/\/nathalie-haberstroh.com\/de\/wp-json\/wp\/v2\/pages\/1823","targetHints":{"allow":["GET"]}}],"collection":[{"href":"https:\/\/nathalie-haberstroh.com\/de\/wp-json\/wp\/v2\/pages"}],"about":[{"href":"https:\/\/nathalie-haberstroh.com\/de\/wp-json\/wp\/v2\/types\/page"}],"author":[{"embeddable":true,"href":"https:\/\/nathalie-haberstroh.com\/de\/wp-json\/wp\/v2\/users\/1"}],"replies":[{"embeddable":true,"href":"https:\/\/nathalie-haberstroh.com\/de\/wp-json\/wp\/v2\/comments?post=1823"}],"version-history":[{"count":8,"href":"https:\/\/nathalie-haberstroh.com\/de\/wp-json\/wp\/v2\/pages\/1823\/revisions"}],"predecessor-version":[{"id":3079,"href":"https:\/\/nathalie-haberstroh.com\/de\/wp-json\/wp\/v2\/pages\/1823\/revisions\/3079"}],"wp:attachment":[{"href":"https:\/\/nathalie-haberstroh.com\/de\/wp-json\/wp\/v2\/media?parent=1823"}],"curies":[{"name":"wp","href":"https:\/\/api.w.org\/{rel}","templated":true}]}}